{"id":3772,"date":"2017-06-27T10:36:24","date_gmt":"2017-06-27T08:36:24","guid":{"rendered":"https:\/\/cerrajerofuengirola.es\/contact\/"},"modified":"2025-12-29T10:25:43","modified_gmt":"2025-12-29T09:25:43","slug":"contact","status":"publish","type":"page","link":"https:\/\/cerrajerofuengirola.es\/en\/contact\/","title":{"rendered":"Contact"},"content":{"rendered":"<div class=\"wpb-content-wrapper\"><p>[vc_row css=&#8221;.vc_custom_1508573385152{margin-top: 80px !important;}&#8221;][vc_column width=&#8221;1\/3&#8243;]<div class=\"iconbox  iconbox-style-1\">\r\n\t\t\t\t\t\t<i style=\"color:; background-color:;\" class=\"fa fa-map-marker \"><\/i>\r\n\t\t\t\t\t\t<div class=\"iconbox-content\">\r\n\t\t\t\t\t\t\t<h3 style=\"color:;\">Location<\/h3>\r\n\t\t\t\t\t\t\t<p style=\"color:;\">Fuengirola<\/p>\n<p>Mijas<\/p>\n<p>Benalm\u00e1dena<\/p>\r\n                        \t                        \r\n\t\t\t\t\t\t<\/div>\r\n\t\t\t\t\t<\/div>[\/vc_column][vc_column width=&#8221;1\/3&#8243;]<div class=\"iconbox  iconbox-style-1\">\r\n\t\t\t\t\t\t<i style=\"color:; background-color:;\" class=\"fa fa-envelope-o \"><\/i>\r\n\t\t\t\t\t\t<div class=\"iconbox-content\">\r\n\t\t\t\t\t\t\t<h3 style=\"color:;\">Email<\/h3>\r\n\t\t\t\t\t\t\t<p style=\"color:;\"><a href=\"mailto:cerrajerofuengirolaraul@gmail.com\">cerrajerofuengirolaraul@gmail.com<\/a><\/p>\r\n                        \t                        \r\n\t\t\t\t\t\t<\/div>\r\n\t\t\t\t\t<\/div>[\/vc_column][vc_column width=&#8221;1\/3&#8243;]<div class=\"iconbox  iconbox-style-1\">\r\n\t\t\t\t\t\t<i style=\"color:; background-color:;\" class=\"fa fa-headphones \"><\/i>\r\n\t\t\t\t\t\t<div class=\"iconbox-content\">\r\n\t\t\t\t\t\t\t<h3 style=\"color:;\">Phone<\/h3>\r\n\t\t\t\t\t\t\t<p style=\"color:;\"><a href=\"tel:602663351\">602 663 351<\/a><\/p>\r\n                        \t                        \r\n\t\t\t\t\t\t<\/div>\r\n\t\t\t\t\t<\/div>[\/vc_column][\/vc_row][vc_row][vc_column]<div style=\"margin:10px 0px 50px 0px;\" class=\"special-heading\">\r\n\t\t\t\t\t<h1 style=\"font-size:; font-weight:; line-height:; text-align:center; text-transform:none; color:;\">Contacto cerrajero Fuengirola<\/h1>\r\n\t\t\t\t\t<div style=\"background-color:; text-align:center;\" class=\"heading-seperator center-sep\"><\/div>\r\n\t\t\t\t\t<p style=\"font-size:; text-align:center; color:;\">Estoy disponible las 24 horas, los 365 d\u00edas del a\u00f1o, llame sin compromiso. Te atender\u00e9 r\u00e1pidamente y estar\u00e9 en tu ubicaci\u00f3n en el menor tiempo posible. Tu tranquilidad es mi prioridad.<\/p>\r\n\t\t\t\t<\/div>[\/vc_column][\/vc_row][vc_row 0=&#8221;&#8221; css=&#8221;.vc_custom_1503577727158{margin-bottom: 20px !important;}&#8221;][vc_column 0=&#8221;&#8221;]\n<div class=\"wpcf7 no-js\" id=\"wpcf7-f1330-o1\" lang=\"es-ES\" dir=\"ltr\" data-wpcf7-id=\"1330\">\n<div class=\"screen-reader-response\"><p role=\"status\" aria-live=\"polite\" aria-atomic=\"true\"><\/p> <ul><\/ul><\/div>\n<form action=\"\/en\/wp-json\/wp\/v2\/pages\/3772#wpcf7-f1330-o1\" method=\"post\" class=\"wpcf7-form init\" aria-label=\"Formulario de contacto\" novalidate=\"novalidate\" data-status=\"init\">\n<fieldset class=\"hidden-fields-container\"><input type=\"hidden\" name=\"_wpcf7\" value=\"1330\" \/><input type=\"hidden\" name=\"_wpcf7_version\" value=\"6.1.5\" \/><input type=\"hidden\" name=\"_wpcf7_locale\" value=\"es_ES\" \/><input type=\"hidden\" name=\"_wpcf7_unit_tag\" value=\"wpcf7-f1330-o1\" \/><input type=\"hidden\" name=\"_wpcf7_container_post\" value=\"0\" \/><input type=\"hidden\" name=\"_wpcf7_posted_data_hash\" value=\"\" \/><input type=\"hidden\" name=\"_wpcf7_recaptcha_response\" value=\"\" \/>\n<\/fieldset>\n<p class=\"left_field\"><br \/>\n<span class=\"wpcf7-form-control-wrap\" data-name=\"text-884\"><input size=\"40\" maxlength=\"400\" class=\"wpcf7-form-control wpcf7-text wpcf7-validates-as-required\" aria-required=\"true\" aria-invalid=\"false\" placeholder=\"Nombre*\" value=\"\" type=\"text\" name=\"text-884\" \/><\/span>\n<\/p>\n<p class=\"right_field\"><br \/>\n<span class=\"wpcf7-form-control-wrap\" data-name=\"email-958\"><input size=\"40\" maxlength=\"400\" class=\"wpcf7-form-control wpcf7-email wpcf7-validates-as-required wpcf7-text wpcf7-validates-as-email\" aria-required=\"true\" aria-invalid=\"false\" placeholder=\"Email*\" value=\"\" type=\"email\" name=\"email-958\" \/><\/span>\n<\/p>\n<p class=\"left_field\"><br \/>\n<span class=\"wpcf7-form-control-wrap\" data-name=\"tel-766\"><input size=\"40\" maxlength=\"400\" class=\"wpcf7-form-control wpcf7-tel wpcf7-validates-as-required wpcf7-text wpcf7-validates-as-tel\" aria-required=\"true\" aria-invalid=\"false\" placeholder=\"Tel\u00e9fono*\" value=\"\" type=\"tel\" name=\"tel-766\" \/><\/span>\n<\/p>\n<p class=\"right_field\"><br \/>\n<span class=\"wpcf7-form-control-wrap\" data-name=\"text-819\"><input size=\"40\" maxlength=\"400\" class=\"wpcf7-form-control wpcf7-text\" aria-invalid=\"false\" placeholder=\"\u00bfEn qu\u00e9 puedo ayudarte?\" value=\"\" type=\"text\" name=\"text-819\" \/><\/span>\n<\/p>\n<p class=\"message_field\"><br \/>\n<span class=\"wpcf7-form-control-wrap\" data-name=\"textarea-680\"><textarea cols=\"40\" rows=\"10\" maxlength=\"2000\" class=\"wpcf7-form-control wpcf7-textarea wpcf7-validates-as-required\" aria-required=\"true\" aria-invalid=\"false\" placeholder=\"Mensaje\" name=\"textarea-680\"><\/textarea><\/span>\n<\/p>\n<p><span style=\"font-style:italic;font-size:13px;\"> Informaci\u00f3n b\u00e1sica en protecci\u00f3n de datos.-<br \/>\nConforme al RGPD y la LOPDGDD, cerrajerofuengirola.es tratar\u00e1 los datos facilitados con la finalidad de gestionar y atender su solicitud.<br \/>\nPara obtener m\u00e1s informaci\u00f3n acerca del tratamiento de sus datos y ejercer sus derechos, visite nuestra <a href=\"politica-de-privacidad\" target=\"_blank\"><\/a><a href=\"\/politica-de-privacidad\/\">pol\u00edtica de privacidad<\/a>.<\/span>\n<\/p>\n<p class=\"message_field\" style=\"margin-top:-25px;\"><br \/>\n<span class=\"wpcf7-form-control-wrap\" data-name=\"acceptance-738\"><span class=\"wpcf7-form-control wpcf7-acceptance\"><span class=\"wpcf7-list-item\"><input type=\"checkbox\" name=\"acceptance-738\" value=\"1\" aria-invalid=\"false\" \/><\/span><\/span><\/span> ENTIENDO Y ACEPTO el tratamiento de mis datos tal y como se describe anteriormente y se explica con mayor detalle en la <a href=\"politica-de-privacidad\" target=\"_blank\"><\/a><a href=\"\/politica-de-privacidad\/\">pol\u00edtica de privacidad<\/a>.\n<\/p>\n<p><input class=\"wpcf7-form-control wpcf7-submit has-spinner\" type=\"submit\" value=\"Enviar mensaje\" \/>\n<\/p><div class=\"wpcf7-response-output\" aria-hidden=\"true\"><\/div>\n<\/form>\n<\/div>\n[\/vc_column][\/vc_row]<\/p>\n<\/div>","protected":false},"excerpt":{"rendered":"<p>[vc_row css=&#8221;.vc_custom_1508573385152{margin-top: 80px !important;}&#8221;][vc_column width=&#8221;1\/3&#8243;][\/vc_column][vc_column width=&#8221;1\/3&#8243;][\/vc_column][vc_column width=&#8221;1\/3&#8243;][\/vc_column][\/vc_row][vc_row][vc_column][\/vc_column][\/vc_row][vc_row 0=&#8221;&#8221; css=&#8221;.vc_custom_1503577727158{margin-bottom: 20px !important;}&#8221;][vc_column 0=&#8221;&#8221;][\/vc_column][\/vc_row]<\/p>\n","protected":false},"author":1,"featured_media":0,"parent":0,"menu_order":0,"comment_status":"closed","ping_status":"closed","template":"","meta":{"footnotes":""},"class_list":["post-3772","page","type-page","status-publish","hentry"],"yoast_head":"<!-- This site is optimized with the Yoast SEO plugin v27.0 - https:\/\/yoast.com\/product\/yoast-seo-wordpress\/ -->\n<title>Contact a Locksmith in Fuengirola | 24h Service<\/title>\n<meta name=\"description\" content=\"Contact a locksmith in Fuengirola. 24h service for emergencies, door opening and lock changes. \ud83d\udcde Call us now.\" \/>\n<meta name=\"robots\" content=\"index, follow, max-snippet:-1, max-image-preview:large, max-video-preview:-1\" \/>\n<link rel=\"canonical\" href=\"https:\/\/cerrajerofuengirola.es\/en\/contact\/\" \/>\n<meta property=\"og:locale\" content=\"en_US\" \/>\n<meta property=\"og:type\" content=\"article\" \/>\n<meta property=\"og:title\" content=\"Contact a Locksmith in Fuengirola | 24h Service\" \/>\n<meta property=\"og:description\" content=\"Contact a locksmith in Fuengirola. 24h service for emergencies, door opening and lock changes. \ud83d\udcde Call us now.\" \/>\n<meta property=\"og:url\" content=\"https:\/\/cerrajerofuengirola.es\/en\/contact\/\" \/>\n<meta property=\"og:site_name\" content=\"Cerrajero Fuengirola\" \/>\n<meta property=\"article:modified_time\" content=\"2025-12-29T09:25:43+00:00\" \/>\n<meta name=\"twitter:card\" content=\"summary_large_image\" \/>\n<meta name=\"twitter:label1\" content=\"Est. reading time\" \/>\n\t<meta name=\"twitter:data1\" content=\"1 minute\" \/>\n<script type=\"application\/ld+json\" class=\"yoast-schema-graph\">{\"@context\":\"https:\/\/schema.org\",\"@graph\":[{\"@type\":\"WebPage\",\"@id\":\"https:\/\/cerrajerofuengirola.es\/en\/contact\/\",\"url\":\"https:\/\/cerrajerofuengirola.es\/en\/contact\/\",\"name\":\"Contact a Locksmith in Fuengirola | 24h Service\",\"isPartOf\":{\"@id\":\"https:\/\/cerrajerofuengirola.es\/en\/#website\"},\"datePublished\":\"2017-06-27T08:36:24+00:00\",\"dateModified\":\"2025-12-29T09:25:43+00:00\",\"description\":\"Contact a locksmith in Fuengirola. 24h service for emergencies, door opening and lock changes. \ud83d\udcde Call us now.\",\"breadcrumb\":{\"@id\":\"https:\/\/cerrajerofuengirola.es\/en\/contact\/#breadcrumb\"},\"inLanguage\":\"en-US\",\"potentialAction\":[{\"@type\":\"ReadAction\",\"target\":[\"https:\/\/cerrajerofuengirola.es\/en\/contact\/\"]}]},{\"@type\":\"BreadcrumbList\",\"@id\":\"https:\/\/cerrajerofuengirola.es\/en\/contact\/#breadcrumb\",\"itemListElement\":[{\"@type\":\"ListItem\",\"position\":1,\"name\":\"Portada\",\"item\":\"https:\/\/cerrajerofuengirola.es\/en\/\"},{\"@type\":\"ListItem\",\"position\":2,\"name\":\"Contact\"}]},{\"@type\":\"WebSite\",\"@id\":\"https:\/\/cerrajerofuengirola.es\/en\/#website\",\"url\":\"https:\/\/cerrajerofuengirola.es\/en\/\",\"name\":\"Cerrajero Fuengirola\",\"description\":\"\",\"publisher\":{\"@id\":\"https:\/\/cerrajerofuengirola.es\/en\/#organization\"},\"potentialAction\":[{\"@type\":\"SearchAction\",\"target\":{\"@type\":\"EntryPoint\",\"urlTemplate\":\"https:\/\/cerrajerofuengirola.es\/en\/?s={search_term_string}\"},\"query-input\":{\"@type\":\"PropertyValueSpecification\",\"valueRequired\":true,\"valueName\":\"search_term_string\"}}],\"inLanguage\":\"en-US\"},{\"@type\":\"Organization\",\"@id\":\"https:\/\/cerrajerofuengirola.es\/en\/#organization\",\"name\":\"Cerrajero Fuengirola\",\"url\":\"https:\/\/cerrajerofuengirola.es\/en\/\",\"logo\":{\"@type\":\"ImageObject\",\"inLanguage\":\"en-US\",\"@id\":\"https:\/\/cerrajerofuengirola.es\/en\/#\/schema\/logo\/image\/\",\"url\":\"https:\/\/cerrajerofuengirola.es\/wp-content\/uploads\/2024\/05\/Logo-cerrajero-Raul-1-e1715584874125.png\",\"contentUrl\":\"https:\/\/cerrajerofuengirola.es\/wp-content\/uploads\/2024\/05\/Logo-cerrajero-Raul-1-e1715584874125.png\",\"width\":244,\"height\":92,\"caption\":\"Cerrajero Fuengirola\"},\"image\":{\"@id\":\"https:\/\/cerrajerofuengirola.es\/en\/#\/schema\/logo\/image\/\"},\"sameAs\":[\"https:\/\/www.instagram.com\/cfcerrajerofuengirolalocksmith\",\"https:\/\/www.youtube.com\/@CerrajeroenFuengirolaLocksmith\",\"https:\/\/www.tiktok.com\/@cfcerrajeroenfuegirola\"]}]}<\/script>\n<!-- \/ Yoast SEO plugin. -->","yoast_head_json":{"title":"Contact a Locksmith in Fuengirola | 24h Service","description":"Contact a locksmith in Fuengirola. 24h service for emergencies, door opening and lock changes. \ud83d\udcde Call us now.","robots":{"index":"index","follow":"follow","max-snippet":"max-snippet:-1","max-image-preview":"max-image-preview:large","max-video-preview":"max-video-preview:-1"},"canonical":"https:\/\/cerrajerofuengirola.es\/en\/contact\/","og_locale":"en_US","og_type":"article","og_title":"Contact a Locksmith in Fuengirola | 24h Service","og_description":"Contact a locksmith in Fuengirola. 24h service for emergencies, door opening and lock changes. \ud83d\udcde Call us now.","og_url":"https:\/\/cerrajerofuengirola.es\/en\/contact\/","og_site_name":"Cerrajero Fuengirola","article_modified_time":"2025-12-29T09:25:43+00:00","twitter_card":"summary_large_image","twitter_misc":{"Est. reading time":"1 minute"},"schema":{"@context":"https:\/\/schema.org","@graph":[{"@type":"WebPage","@id":"https:\/\/cerrajerofuengirola.es\/en\/contact\/","url":"https:\/\/cerrajerofuengirola.es\/en\/contact\/","name":"Contact a Locksmith in Fuengirola | 24h Service","isPartOf":{"@id":"https:\/\/cerrajerofuengirola.es\/en\/#website"},"datePublished":"2017-06-27T08:36:24+00:00","dateModified":"2025-12-29T09:25:43+00:00","description":"Contact a locksmith in Fuengirola. 24h service for emergencies, door opening and lock changes. \ud83d\udcde Call us now.","breadcrumb":{"@id":"https:\/\/cerrajerofuengirola.es\/en\/contact\/#breadcrumb"},"inLanguage":"en-US","potentialAction":[{"@type":"ReadAction","target":["https:\/\/cerrajerofuengirola.es\/en\/contact\/"]}]},{"@type":"BreadcrumbList","@id":"https:\/\/cerrajerofuengirola.es\/en\/contact\/#breadcrumb","itemListElement":[{"@type":"ListItem","position":1,"name":"Portada","item":"https:\/\/cerrajerofuengirola.es\/en\/"},{"@type":"ListItem","position":2,"name":"Contact"}]},{"@type":"WebSite","@id":"https:\/\/cerrajerofuengirola.es\/en\/#website","url":"https:\/\/cerrajerofuengirola.es\/en\/","name":"Cerrajero Fuengirola","description":"","publisher":{"@id":"https:\/\/cerrajerofuengirola.es\/en\/#organization"},"potentialAction":[{"@type":"SearchAction","target":{"@type":"EntryPoint","urlTemplate":"https:\/\/cerrajerofuengirola.es\/en\/?s={search_term_string}"},"query-input":{"@type":"PropertyValueSpecification","valueRequired":true,"valueName":"search_term_string"}}],"inLanguage":"en-US"},{"@type":"Organization","@id":"https:\/\/cerrajerofuengirola.es\/en\/#organization","name":"Cerrajero Fuengirola","url":"https:\/\/cerrajerofuengirola.es\/en\/","logo":{"@type":"ImageObject","inLanguage":"en-US","@id":"https:\/\/cerrajerofuengirola.es\/en\/#\/schema\/logo\/image\/","url":"https:\/\/cerrajerofuengirola.es\/wp-content\/uploads\/2024\/05\/Logo-cerrajero-Raul-1-e1715584874125.png","contentUrl":"https:\/\/cerrajerofuengirola.es\/wp-content\/uploads\/2024\/05\/Logo-cerrajero-Raul-1-e1715584874125.png","width":244,"height":92,"caption":"Cerrajero Fuengirola"},"image":{"@id":"https:\/\/cerrajerofuengirola.es\/en\/#\/schema\/logo\/image\/"},"sameAs":["https:\/\/www.instagram.com\/cfcerrajerofuengirolalocksmith","https:\/\/www.youtube.com\/@CerrajeroenFuengirolaLocksmith","https:\/\/www.tiktok.com\/@cfcerrajeroenfuegirola"]}]}},"_links":{"self":[{"href":"https:\/\/cerrajerofuengirola.es\/en\/wp-json\/wp\/v2\/pages\/3772","targetHints":{"allow":["GET"]}}],"collection":[{"href":"https:\/\/cerrajerofuengirola.es\/en\/wp-json\/wp\/v2\/pages"}],"about":[{"href":"https:\/\/cerrajerofuengirola.es\/en\/wp-json\/wp\/v2\/types\/page"}],"author":[{"embeddable":true,"href":"https:\/\/cerrajerofuengirola.es\/en\/wp-json\/wp\/v2\/users\/1"}],"replies":[{"embeddable":true,"href":"https:\/\/cerrajerofuengirola.es\/en\/wp-json\/wp\/v2\/comments?post=3772"}],"version-history":[{"count":10,"href":"https:\/\/cerrajerofuengirola.es\/en\/wp-json\/wp\/v2\/pages\/3772\/revisions"}],"predecessor-version":[{"id":3823,"href":"https:\/\/cerrajerofuengirola.es\/en\/wp-json\/wp\/v2\/pages\/3772\/revisions\/3823"}],"wp:attachment":[{"href":"https:\/\/cerrajerofuengirola.es\/en\/wp-json\/wp\/v2\/media?parent=3772"}],"curies":[{"name":"wp","href":"https:\/\/api.w.org\/{rel}","templated":true}]}}